{"id":8229,"date":"2026-02-16T21:49:28","date_gmt":"2026-02-17T02:49:28","guid":{"rendered":"https:\/\/www.paulrioux.ca\/?page_id=8229\/"},"modified":"2026-02-18T15:29:17","modified_gmt":"2026-02-18T20:29:17","slug":"links","status":"publish","type":"page","link":"https:\/\/www.paulrioux.ca\/en\/links\/","title":{"rendered":"Links"},"content":{"rendered":"<div class=\"wpb-content-wrapper\">[vc_row css=&#8221;.vc_custom_1771446359183{margin-top: 50px !important;}&#8221;][vc_column][mk_ornamental_title text_color=&#8221;#34334f&#8221; font_family=&#8221;none&#8221; font_size=&#8221;24&#8243; font_weight=&#8221;400&#8243; txt_transform=&#8221;capitalize&#8221; ornament_style=&#8221;lemo-single&#8221; nss_align=&#8221;center&#8221; ornament_color=&#8221;#cc1619&#8243; margin_bottom=&#8221;10&#8243;]Liens[\/mk_ornamental_title][\/vc_column][\/vc_row][vc_row][vc_column width=&#8221;1\/2&#8243;][vc_tta_accordion title_tag=&#8221;h4&#8243; section_title_tag=&#8221;p&#8221; style=&#8221;modern&#8221; color=&#8221;white&#8221; active_section=&#8221;&#8221; css_animation=&#8221;none&#8221; collapsible_all=&#8221;true&#8221; el_class=&#8221;customAccordeonGuide&#8221;][vc_tta_section title=&#8221;1. General&#8221; tab_id=&#8221;general246d-014f9245-46d2&#8243;][vc_column_text css=&#8221;.vc_custom_1771445968861{margin-bottom: 0px !important;}&#8221;]<strong>Table d\u2019imp\u00f4t<\/strong><\/p>\n<ul>\n<li><a href=\"https:\/\/www.desjardins.com\/ressources\/pdf\/table-impot-p-quebec-2025-f.pdf?resVer=1737571954917\">Table d\u2019imp\u00f4t 2025 (desjardins.com)<\/a><\/li>\n<\/ul>\n<p><strong>Dons<\/strong><\/p>\n<ul>\n<li><a href=\"https:\/\/apps.cra-arc.gc.ca\/ebci\/hacc\/srch\/pub\/dsplyBscSrch?request_locale=fr\">Liste des organismes de charit\u00e9 reconnus (cra-arc.gc.ca)<\/a><\/li>\n<\/ul>\n<p><strong>Frais m\u00e9dicaux<\/strong><\/p>\n<ul>\n<li><a href=\"https:\/\/www.canada.ca\/fr\/agence-revenu\/services\/impot\/particuliers\/sujets\/tout-votre-declaration-revenus\/declaration-revenus\/remplir-declaration-revenus\/deductions-credits-depenses\/lignes-33099-33199-frais-medicaux-admissibles-vous-pouvez-demander-votre-declaration-revenus.html#mdcl_xpns\">Liste des frais m\u00e9dicaux admissibles (canada.ca)<\/a><\/li>\n<li><a href=\"https:\/\/www.canada.ca\/fr\/agence-revenu\/services\/impot\/particuliers\/sujets\/tout-votre-declaration-revenus\/declaration-revenus\/remplir-declaration-revenus\/deductions-credits-depenses\/lignes-33099-33199-frais-medicaux-admissibles-vous-pouvez-demander-votre-declaration-revenus\/liste-medecins-autorises-fins-credit-impot-frais-medicaux.html\">Liste des professionnels de la sant\u00e9 autoris\u00e9s (canada.ca)<\/a><\/li>\n<\/ul>\n<p><strong>R\u00e9gime canadien de soins dentaires<\/strong><\/p>\n<ul>\n<li><a href=\"https:\/\/www.canada.ca\/fr\/services\/prestations\/dentaire\/regime-soins-dentaires\/demande.html#demande-ligne\">Pr\u00e9senter une demande (canada.ca)<\/a><\/li>\n<\/ul>\n[\/vc_column_text][\/vc_tta_section][vc_tta_section title=&#8221;2. Students&#8221; tab_id=&#8221;etudiants246d-014f9245-46d2&#8243;][vc_column_text css=&#8221;.vc_custom_1771446058050{margin-bottom: 0px !important;}&#8221;][\/vc_column_text][\/vc_tta_section][vc_tta_section title=&#8221;3. Workers&#8221; tab_id=&#8221;travailleurs246d-014f9245-46d2&#8243;][vc_column_text css=&#8221;.vc_custom_1771446075919{margin-bottom: 0px !important;}&#8221;]<strong>D\u00e9penses d\u2019emploi<\/strong><\/p>\n<ul>\n<li><a href=\"https:\/\/www.canada.ca\/fr\/agence-revenu\/services\/formulaires-publications\/formulaires\/t2200.html\">Formulaire \u00e0 faire remplir par l\u2019employeur au f\u00e9d\u00e9ral (canada.ca)<\/a><\/li>\n<li><a href=\"https:\/\/www.revenuquebec.ca\/fr\/services-en-ligne\/formulaires-et-publications\/details-courant\/tp-64-3\/\">Formulaire \u00e0 faire remplir par l\u2019employeur au Qu\u00e9bec (revenuquebec.ca)<\/a><\/li>\n<\/ul>\n[\/vc_column_text][\/vc_tta_section][vc_tta_section title=&#8221;4. Families&#8221; tab_id=&#8221;familles246d-014f9245-46d2&#8243;][vc_column_text css=&#8221;.vc_custom_1771446104686{margin-bottom: 0px !important;}&#8221;]<strong>Allocation familiale<\/strong><\/p>\n<ul>\n<li><a href=\"https:\/\/www.canada.ca\/fr\/agence-revenu\/services\/prestations-enfants-familles\/allocation-canadienne-enfants-apercu\/allocation-canadienne-enfants-comment-faire-demande.html\">Faire une demande au f\u00e9d\u00e9ral (canada.ca)<\/a><\/li>\n<li><a href=\"https:\/\/www.rrq.gouv.qc.ca\/fr\/services\/services_en_ligne\/soutien_aux_enfants\/Pages\/demande_paiement_sae.aspx\">Faire une demande au Qu\u00e9bec (rrq.gouv.qc.ca)<\/a><\/li>\n<li><a href=\"https:\/\/www.canada.ca\/fr\/agence-revenu\/services\/prestations-enfants-familles\/calculateur-prestations-enfants-familles.html\">Calculateur au f\u00e9d\u00e9ral (canada.ca)<\/a><\/li>\n<li><a href=\"https:\/\/www.rrq.gouv.qc.ca\/fr\/services\/services_en_ligne\/soutien_aux_enfants\/Pages\/calcul_aide.aspx\">Calculateur au Qu\u00e9bec (rrq.gouv.qc.ca)<\/a><\/li>\n<\/ul>\n<p><strong>Cong\u00e9 parental<\/strong><\/p>\n<ul>\n<li><a href=\"https:\/\/www.rqap.gouv.qc.ca\/fr\/services-en-ligne\/faire-ma-demande-de-prestations\">Pr\u00e9senter une demande (rqap.gouv.qc.ca)<\/a><\/li>\n<li><a href=\"https:\/\/www.rqap.gouv.qc.ca\/fr\/a-propos-du-regime\/simulateur-de-calcul-de-prestations\">Calculateur (rqap.gouv.qc.ca)<\/a><\/li>\n<\/ul>\n[\/vc_column_text][\/vc_tta_section][vc_tta_section title=&#8221;5. Future owners&#8221; tab_id=&#8221;futurs-proprietaires246d-014f9245-46d2&#8243;][vc_column_text css=&#8221;.vc_custom_1771446120384{margin-bottom: 0px !important;}&#8221;]<strong>Futur propri\u00e9taire<\/strong><\/p>\n<ul>\n<li><a href=\"https:\/\/www.cmhc-schl.gc.ca\/consommateurs\/acheter-une-maison\/calculateurs-pour-lachat-dune-habitation\/calculateur-hypothecaire\">Calculateur de la prime SCHL (cmhc-schl.gc.ca)<\/a><\/li>\n<\/ul>\n<p><strong>Droits de mutation<\/strong><\/p>\n<ul>\n<li><a href=\"https:\/\/www.calculconversion.com\/calcul-taxe-de-bienvenue-mutation.html\">Calcul de taxe de bienvenue 2025 (calculconversion.com)<\/a><\/li>\n<li><a href=\"https:\/\/www.legisquebec.gouv.qc.ca\/fr\/document\/lc\/d-15.1\">Loi concernant les droits sur les mutations immobili\u00e8res (legisquebec.gouv.qc.ca)<\/a><\/li>\n<\/ul>\n[\/vc_column_text][\/vc_tta_section][\/vc_tta_accordion][\/vc_column][vc_column width=&#8221;1\/2&#8243;][vc_tta_accordion title_tag=&#8221;h5&#8243; section_title_tag=&#8221;p&#8221; style=&#8221;modern&#8221; color=&#8221;white&#8221; active_section=&#8221;&#8221; collapsible_all=&#8221;true&#8221; el_class=&#8221;customAccordeonGuide&#8221;][vc_tta_section title=&#8221;6. Owners&#8221; tab_id=&#8221;proprietaires246d-014f9245-46d2&#8243;][vc_column_text css=&#8221;.vc_custom_1771446136461{margin-bottom: 0px !important;}&#8221;]<strong>Relev\u00e9 31<\/strong><\/p>\n<ul>\n<li><a href=\"https:\/\/citoyens.revenuquebec.ca\/CitNa\/SX\/SX02\/SX02F11_01B_PIU_CISProduireRel31\/SX02F11B1\/Vues\/IdentificationEtat\/IdentificationEtat.aspx?SVAR=01&amp;CLNG=F\">Produire un relev\u00e9 pour votre locataire (revenuquebec.ca)<\/a><\/li>\n<\/ul>\n<p><strong>Cr\u00e9dit pour assainissement des eaux us\u00e9es (fosse sceptique)<\/strong><\/p>\n<ul>\n<li><a href=\"https:\/\/www.revenuquebec.ca\/fr\/services-en-ligne\/formulaires-et-publications\/details-courant\/tp-1029-ae\/\">Formulaire \u00e0 remplir (revenuquebec.ca)<\/a><\/li>\n<\/ul>\n[\/vc_column_text][\/vc_tta_section][vc_tta_section title=&#8221;7. Investments&#8221; tab_id=&#8221;placements246d-014f9245-46d2&#8243;][vc_column_text css=&#8221;.vc_custom_1771446146114{margin-bottom: 0px !important;}&#8221;][\/vc_column_text][\/vc_tta_section][vc_tta_section title=&#8221;8. Retirees&#8221; tab_id=&#8221;retraites246d-014f9245-46d2&#8243;][vc_column_text css=&#8221;.vc_custom_1771446156701{margin-bottom: 0px !important;}&#8221;]<strong>Pension de s\u00e9curit\u00e9 de la vieillesse (PSV)<\/strong><\/p>\n<ul>\n<li><a href=\"https:\/\/www.canada.ca\/fr\/services\/prestations\/pensionspubliques\/securite-vieillesse\/demande.html\">Faire une demande (canada.ca)<\/a><\/li>\n<\/ul>\n<p><strong>R\u00e9gime des rentes du Qu\u00e9bec (RRQ)<\/strong><\/p>\n<ul>\n<li><a href=\"https:\/\/www.rrq.gouv.qc.ca\/fr\/services\/services_en_ligne\/regime_rentes_quebec\/Pages\/rente_retraite.aspx\">Faire une demande (rrq.gouv.qc.ca)<\/a><\/li>\n<li><a href=\"https:\/\/www.rrq.gouv.qc.ca\/fr\/services\/services_en_ligne\/planification\/Pages\/simulation.aspx\">Calculateur (rrq.gouv.qc.ca)<\/a><\/li>\n<\/ul>\n[\/vc_column_text][\/vc_tta_section][vc_tta_section title=&#8221;9. Elders&#8221; tab_id=&#8221;aines246d-014f9245-46d2&#8243;][vc_column_text css=&#8221;.vc_custom_1771446167231{margin-bottom: 0px !important;}&#8221;]<strong>Cr\u00e9dit pour maintien \u00e0 domicile<\/strong><\/p>\n<ul>\n<li><a href=\"https:\/\/www.revenuquebec.ca\/fr\/services-en-ligne\/formulaires-et-publications\/details-courant\/tpz-1029-md-a\/\">Formulaire pour personne non autonome (revenuquebec.ca)<\/a><\/li>\n<\/ul>\n[\/vc_column_text][\/vc_tta_section][vc_tta_section title=&#8221;10. Disabled persons&#8221; tab_id=&#8221;personnes-handicapees246d-014f9245-46d2&#8243;][vc_column_text css=&#8221;.vc_custom_1771446179377{margin-bottom: 0px !important;}&#8221;]<strong>Cr\u00e9dit pour personnes souffrant d\u2019une incapacit\u00e9<\/strong><\/p>\n<ul>\n<li><a href=\"https:\/\/www.canada.ca\/fr\/agence-revenu\/services\/formulaires-publications\/formulaires\/t2201.html\">Formulaire \u00e0 faire remplir par le m\u00e9decin au f\u00e9d\u00e9ral (T2201) (canada.ca)<\/a><\/li>\n<li><a href=\"https:\/\/www.revenuquebec.ca\/fr\/services-en-ligne\/formulaires-et-publications\/details-courant\/tp-752-0-14\/\">Formulaire \u00e0 faire remplir par le m\u00e9decin au Qu\u00e9bec (TP752.0.14) (revenuquebec.ca)<\/a><\/li>\n<\/ul>\n[\/vc_column_text][\/vc_tta_section][\/vc_tta_accordion][\/vc_column][\/vc_row][vc_row css=&#8221;.vc_custom_1771296888430{margin-top: 50px !important;}&#8221;][vc_column][vc_column_text css=&#8221;.vc_custom_1771297656665{margin-bottom: 0px !important;}&#8221;]\n<h3>Tables (french only)<\/h3>\n<ul>\n<li><a href=\"\/wp-content\/uploads\/2024\/09\/paulrioux-cpa-inc-remuneration-medecins.pdf\">Revenu des m\u00e9decins (PDF)<\/a><\/li>\n<li><a href=\"\/wp-content\/uploads\/2024\/09\/paulrioux-cpa-inc-depenses-professionnelles-medecins.pdf\">D\u00e9penses professionnelles des m\u00e9decins (PDF)<\/a><\/li>\n<\/ul>\n[\/vc_column_text][\/vc_column][\/vc_row]\n<\/div>","protected":false},"excerpt":{"rendered":"<p>[vc_row css=&#8221;.vc_custom_1771446359183{margin-top: 50px !important;}&#8221;][vc_column][mk_ornamental_title text_color=&#8221;#34334f&#8221; font_family=&#8221;none&#8221; font_size=&#8221;24&#8243; font_weight=&#8221;400&#8243; txt_transform=&#8221;capitalize&#8221; ornament_style=&#8221;lemo-single&#8221; nss_align=&#8221;center&#8221; ornament_color=&#8221;#cc1619&#8243; margin_bottom=&#8221;10&#8243;]Liens[\/mk_ornamental_title][\/vc_column][\/vc_row][vc_row][vc_column width=&#8221;1\/2&#8243;][vc_tta_accordion title_tag=&#8221;h4&#8243; section_title_tag=&#8221;p&#8221; style=&#8221;modern&#8221; color=&#8221;white&#8221; active_section=&#8221;&#8221; css_animation=&#8221;none&#8221; collapsible_all=&#8221;true&#8221; el_class=&#8221;customAccordeonGuide&#8221;][vc_tta_section title=&#8221;1. General&#8221; tab_id=&#8221;general246d-014f9245-46d2&#8243;][vc_column_text css=&#8221;.vc_custom_1771445968861{margin-bottom: 0px !important;}&#8221;]Table d\u2019imp\u00f4t Table d\u2019imp\u00f4t 2025 (desjardins.com) Dons Liste des organismes de charit\u00e9 reconnus (cra-arc.gc.ca) Frais m\u00e9dicaux Liste des frais m\u00e9dicaux admissibles (canada.ca) Liste des professionnels de la sant\u00e9 [&hellip;]<\/p>\n","protected":false},"author":124,"featured_media":0,"parent":0,"menu_order":0,"comment_status":"closed","ping_status":"closed","template":"","meta":{"_acf_changed":false,"footnotes":""},"class_list":["post-8229","page","type-page","status-publish","hentry"],"acf":[],"yoast_head":"<!-- This site is optimized with the Yoast SEO plugin v27.4 - https:\/\/yoast.com\/product\/yoast-seo-wordpress\/ -->\n<title>Links | Paul Rioux CA<\/title>\n<meta name=\"robots\" content=\"index, follow, max-snippet:-1, max-image-preview:large, max-video-preview:-1\" \/>\n<link rel=\"canonical\" href=\"https:\/\/www.paulrioux.ca\/en\/links\/\" \/>\n<meta property=\"og:locale\" content=\"en_US\" \/>\n<meta property=\"og:type\" content=\"article\" \/>\n<meta property=\"og:title\" content=\"Links | Paul Rioux CA\" \/>\n<meta property=\"og:description\" content=\"[vc_row css=&#8221;.vc_custom_1771446359183{margin-top: 50px !important;}&#8221;][vc_column][mk_ornamental_title text_color=&#8221;#34334f&#8221; font_family=&#8221;none&#8221; font_size=&#8221;24&#8243; font_weight=&#8221;400&#8243; txt_transform=&#8221;capitalize&#8221; ornament_style=&#8221;lemo-single&#8221; nss_align=&#8221;center&#8221; ornament_color=&#8221;#cc1619&#8243; margin_bottom=&#8221;10&#8243;]Liens[\/mk_ornamental_title][\/vc_column][\/vc_row][vc_row][vc_column width=&#8221;1\/2&#8243;][vc_tta_accordion title_tag=&#8221;h4&#8243; section_title_tag=&#8221;p&#8221; style=&#8221;modern&#8221; color=&#8221;white&#8221; active_section=&#8221;&#8221; css_animation=&#8221;none&#8221; collapsible_all=&#8221;true&#8221; el_class=&#8221;customAccordeonGuide&#8221;][vc_tta_section title=&#8221;1. General&#8221; tab_id=&#8221;general246d-014f9245-46d2&#8243;][vc_column_text css=&#8221;.vc_custom_1771445968861{margin-bottom: 0px !important;}&#8221;]Table d\u2019imp\u00f4t Table d\u2019imp\u00f4t 2025 (desjardins.com) Dons Liste des organismes de charit\u00e9 reconnus (cra-arc.gc.ca) Frais m\u00e9dicaux Liste des frais m\u00e9dicaux admissibles (canada.ca) Liste des professionnels de la sant\u00e9 [&hellip;]\" \/>\n<meta property=\"og:url\" content=\"https:\/\/www.paulrioux.ca\/en\/links\/\" \/>\n<meta property=\"og:site_name\" content=\"Paul Rioux CA\" \/>\n<meta property=\"article:modified_time\" content=\"2026-02-18T20:29:17+00:00\" \/>\n<meta name=\"twitter:card\" content=\"summary_large_image\" \/>\n<meta name=\"twitter:label1\" content=\"Est. reading time\" \/>\n\t<meta name=\"twitter:data1\" content=\"2 minutes\" \/>\n<script type=\"application\/ld+json\" class=\"yoast-schema-graph\">{\"@context\":\"https:\\\/\\\/schema.org\",\"@graph\":[{\"@type\":\"WebPage\",\"@id\":\"https:\\\/\\\/www.paulrioux.ca\\\/en\\\/links\\\/\",\"url\":\"https:\\\/\\\/www.paulrioux.ca\\\/en\\\/links\\\/\",\"name\":\"Links | Paul Rioux CA\",\"isPartOf\":{\"@id\":\"https:\\\/\\\/www.paulrioux.ca\\\/#website\"},\"datePublished\":\"2026-02-17T02:49:28+00:00\",\"dateModified\":\"2026-02-18T20:29:17+00:00\",\"breadcrumb\":{\"@id\":\"https:\\\/\\\/www.paulrioux.ca\\\/en\\\/links\\\/#breadcrumb\"},\"inLanguage\":\"en-US\",\"potentialAction\":[{\"@type\":\"ReadAction\",\"target\":[\"https:\\\/\\\/www.paulrioux.ca\\\/en\\\/links\\\/\"]}]},{\"@type\":\"BreadcrumbList\",\"@id\":\"https:\\\/\\\/www.paulrioux.ca\\\/en\\\/links\\\/#breadcrumb\",\"itemListElement\":[{\"@type\":\"ListItem\",\"position\":1,\"name\":\"Home\",\"item\":\"https:\\\/\\\/www.paulrioux.ca\\\/\"},{\"@type\":\"ListItem\",\"position\":2,\"name\":\"Links\"}]},{\"@type\":\"WebSite\",\"@id\":\"https:\\\/\\\/www.paulrioux.ca\\\/#website\",\"url\":\"https:\\\/\\\/www.paulrioux.ca\\\/\",\"name\":\"Paul Rioux CA\",\"description\":\"Planification financi\u00e8re et fiscale\",\"potentialAction\":[{\"@type\":\"SearchAction\",\"target\":{\"@type\":\"EntryPoint\",\"urlTemplate\":\"https:\\\/\\\/www.paulrioux.ca\\\/?s={search_term_string}\"},\"query-input\":{\"@type\":\"PropertyValueSpecification\",\"valueRequired\":true,\"valueName\":\"search_term_string\"}}],\"inLanguage\":\"en-US\"}]}<\/script>\n<!-- \/ Yoast SEO plugin. -->","yoast_head_json":{"title":"Links | Paul Rioux CA","robots":{"index":"index","follow":"follow","max-snippet":"max-snippet:-1","max-image-preview":"max-image-preview:large","max-video-preview":"max-video-preview:-1"},"canonical":"https:\/\/www.paulrioux.ca\/en\/links\/","og_locale":"en_US","og_type":"article","og_title":"Links | Paul Rioux CA","og_description":"[vc_row css=&#8221;.vc_custom_1771446359183{margin-top: 50px !important;}&#8221;][vc_column][mk_ornamental_title text_color=&#8221;#34334f&#8221; font_family=&#8221;none&#8221; font_size=&#8221;24&#8243; font_weight=&#8221;400&#8243; txt_transform=&#8221;capitalize&#8221; ornament_style=&#8221;lemo-single&#8221; nss_align=&#8221;center&#8221; ornament_color=&#8221;#cc1619&#8243; margin_bottom=&#8221;10&#8243;]Liens[\/mk_ornamental_title][\/vc_column][\/vc_row][vc_row][vc_column width=&#8221;1\/2&#8243;][vc_tta_accordion title_tag=&#8221;h4&#8243; section_title_tag=&#8221;p&#8221; style=&#8221;modern&#8221; color=&#8221;white&#8221; active_section=&#8221;&#8221; css_animation=&#8221;none&#8221; collapsible_all=&#8221;true&#8221; el_class=&#8221;customAccordeonGuide&#8221;][vc_tta_section title=&#8221;1. General&#8221; tab_id=&#8221;general246d-014f9245-46d2&#8243;][vc_column_text css=&#8221;.vc_custom_1771445968861{margin-bottom: 0px !important;}&#8221;]Table d\u2019imp\u00f4t Table d\u2019imp\u00f4t 2025 (desjardins.com) Dons Liste des organismes de charit\u00e9 reconnus (cra-arc.gc.ca) Frais m\u00e9dicaux Liste des frais m\u00e9dicaux admissibles (canada.ca) Liste des professionnels de la sant\u00e9 [&hellip;]","og_url":"https:\/\/www.paulrioux.ca\/en\/links\/","og_site_name":"Paul Rioux CA","article_modified_time":"2026-02-18T20:29:17+00:00","twitter_card":"summary_large_image","twitter_misc":{"Est. reading time":"2 minutes"},"schema":{"@context":"https:\/\/schema.org","@graph":[{"@type":"WebPage","@id":"https:\/\/www.paulrioux.ca\/en\/links\/","url":"https:\/\/www.paulrioux.ca\/en\/links\/","name":"Links | Paul Rioux CA","isPartOf":{"@id":"https:\/\/www.paulrioux.ca\/#website"},"datePublished":"2026-02-17T02:49:28+00:00","dateModified":"2026-02-18T20:29:17+00:00","breadcrumb":{"@id":"https:\/\/www.paulrioux.ca\/en\/links\/#breadcrumb"},"inLanguage":"en-US","potentialAction":[{"@type":"ReadAction","target":["https:\/\/www.paulrioux.ca\/en\/links\/"]}]},{"@type":"BreadcrumbList","@id":"https:\/\/www.paulrioux.ca\/en\/links\/#breadcrumb","itemListElement":[{"@type":"ListItem","position":1,"name":"Home","item":"https:\/\/www.paulrioux.ca\/"},{"@type":"ListItem","position":2,"name":"Links"}]},{"@type":"WebSite","@id":"https:\/\/www.paulrioux.ca\/#website","url":"https:\/\/www.paulrioux.ca\/","name":"Paul Rioux CA","description":"Planification financi\u00e8re et fiscale","potentialAction":[{"@type":"SearchAction","target":{"@type":"EntryPoint","urlTemplate":"https:\/\/www.paulrioux.ca\/?s={search_term_string}"},"query-input":{"@type":"PropertyValueSpecification","valueRequired":true,"valueName":"search_term_string"}}],"inLanguage":"en-US"}]}},"_links":{"self":[{"href":"https:\/\/www.paulrioux.ca\/en\/wp-json\/wp\/v2\/pages\/8229","targetHints":{"allow":["GET"]}}],"collection":[{"href":"https:\/\/www.paulrioux.ca\/en\/wp-json\/wp\/v2\/pages"}],"about":[{"href":"https:\/\/www.paulrioux.ca\/en\/wp-json\/wp\/v2\/types\/page"}],"author":[{"embeddable":true,"href":"https:\/\/www.paulrioux.ca\/en\/wp-json\/wp\/v2\/users\/124"}],"replies":[{"embeddable":true,"href":"https:\/\/www.paulrioux.ca\/en\/wp-json\/wp\/v2\/comments?post=8229"}],"version-history":[{"count":7,"href":"https:\/\/www.paulrioux.ca\/en\/wp-json\/wp\/v2\/pages\/8229\/revisions"}],"predecessor-version":[{"id":8253,"href":"https:\/\/www.paulrioux.ca\/en\/wp-json\/wp\/v2\/pages\/8229\/revisions\/8253"}],"wp:attachment":[{"href":"https:\/\/www.paulrioux.ca\/en\/wp-json\/wp\/v2\/media?parent=8229"}],"curies":[{"name":"wp","href":"https:\/\/api.w.org\/{rel}","templated":true}]}}