{"id":12,"date":"2016-02-02T07:41:21","date_gmt":"2016-02-02T12:41:21","guid":{"rendered":"http:\/\/demos.artbees.net\/jupiter5\/eileithyia\/?page_id=12"},"modified":"2023-08-11T23:25:43","modified_gmt":"2023-08-12T03:25:43","slug":"contact-us","status":"publish","type":"page","link":"https:\/\/www.paulrioux.ca\/en\/contact-us\/","title":{"rendered":"Contact us"},"content":{"rendered":"<div class=\"wpb-content-wrapper\">[mk_page_section bg_image=&#8221;https:\/\/www.paulrioux.qc.ca\/wp-content\/uploads\/2016\/02\/img_contact.jpg&#8221; bg_position=&#8221;left center&#8221; bg_repeat=&#8221;no-repeat&#8221; bg_stretch=&#8221;true&#8221; video_opacity=&#8221;0.9&#8243; min_height=&#8221;0&#8243; padding_top=&#8221;250&#8243; padding_bottom=&#8221;230&#8243; top_shape_color=&#8221;#ffffff&#8221; bottom_shape_color=&#8221;#ffffff&#8221; sidebar=&#8221;sidebar-1&#8243;][vc_column][\/vc_column][\/mk_page_section][vc_row attached=&#8221;true&#8221;][vc_column width=&#8221;1\/2&#8243;][mk_padding_divider size=&#8221;50&#8243;][mk_ornamental_title text_color=&#8221;#34334f&#8221; font_family=&#8221;Raleway&#8221; font_type=&#8221;google&#8221; font_size=&#8221;24&#8243; font_weight=&#8221;400&#8243; txt_transform=&#8221;capitalize&#8221; ornament_style=&#8221;lemo-single&#8221; ornament_color=&#8221;#ac2023&#8243; margin_bottom=&#8221;60&#8243;]Contact details[\/mk_ornamental_title][vc_row_inner][vc_column_inner][vc_column_text disable_pattern=&#8221;false&#8221; css=&#8221;.vc_custom_1691810739418{margin-bottom: 0px !important;}&#8221;]615 Boul. Ren\u00e9-L\u00e9vesque West, Suite 300<br \/>\nMontreal, Qu\u00e9bec<br \/>\nH3B1P5<\/p>\n<p><b>P<\/b> : <a href=\"tel:+15148757526\">514-875-7526<\/a><br \/>\n<strong>F<\/strong>\u00a0: 514-875-5206[\/vc_column_text][mk_padding_divider size=&#8221;80&#8243;][\/vc_column_inner][\/vc_row_inner][\/vc_column][vc_column width=&#8221;1\/2&#8243;][mk_advanced_gmaps latitude=&#8221;45.5029195&#8243; longitude=&#8221;-73.5689968&#8243; address=&#8221;615 Boulevard Ren\u00e9-L\u00e9vesque Ouest Suite 300, Montr\u00e9al, Qu\u00e9bec&#8221; content_font_color=&#8221;#ffffff&#8221; height=&#8221;500&#8243;][mk_padding_divider visibility=&#8221;visible-sm&#8221;][\/vc_column][\/vc_row][mk_page_section bg_image=&#8221;https:\/\/www.paulrioux.qc.ca\/wp-content\/uploads\/2016\/02\/img_contact_form.jpg&#8221; bg_repeat=&#8221;no-repeat&#8221; bg_stretch=&#8221;true&#8221; video_color_mask=&#8221;#333333&#8243; padding_top=&#8221;120&#8243; padding_bottom=&#8221;40&#8243; sidebar=&#8221;sidebar-1&#8243;][vc_column][mk_ornamental_title text_color=&#8221;#ffffff&#8221; font_family=&#8221;Raleway&#8221; font_type=&#8221;google&#8221; font_size=&#8221;24&#8243; font_weight=&#8221;400&#8243; txt_transform=&#8221;capitalize&#8221; ornament_style=&#8221;lemo-single&#8221; nss_align=&#8221;center&#8221; ornament_color=&#8221;#cc1619&#8243; margin_bottom=&#8221;60&#8243;]Contact us[\/mk_ornamental_title][vc_row_inner][vc_column_inner width=&#8221;1\/6&#8243;][\/vc_column_inner][vc_column_inner width=&#8221;2\/3&#8243;][vc_column_text]\n<div class=\"wpcf7 no-js\" id=\"wpcf7-f6209-o1\" lang=\"fr-FR\" dir=\"ltr\" data-wpcf7-id=\"6209\">\n<div class=\"screen-reader-response\"><p role=\"status\" aria-live=\"polite\" aria-atomic=\"true\"><\/p> <ul><\/ul><\/div>\n<form action=\"\/en\/wp-json\/wp\/v2\/pages\/12#wpcf7-f6209-o1\" method=\"post\" class=\"wpcf7-form init\" aria-label=\"Formulaire de contact\" novalidate=\"novalidate\" data-status=\"init\">\n<fieldset class=\"hidden-fields-container\"><input type=\"hidden\" name=\"_wpcf7\" value=\"6209\" \/><input type=\"hidden\" name=\"_wpcf7_version\" value=\"6.1.5\" \/><input type=\"hidden\" name=\"_wpcf7_locale\" value=\"fr_FR\" \/><input type=\"hidden\" name=\"_wpcf7_unit_tag\" value=\"wpcf7-f6209-o1\" \/><input type=\"hidden\" name=\"_wpcf7_container_post\" value=\"0\" \/><input type=\"hidden\" name=\"_wpcf7_posted_data_hash\" value=\"\" \/>\n<\/fieldset>\n<p><label> Your name<br \/>\n<span class=\"wpcf7-form-control-wrap\" data-name=\"your-name\"><input size=\"40\" maxlength=\"400\" class=\"wpcf7-form-control wpcf7-text wpcf7-validates-as-required\" aria-required=\"true\" aria-invalid=\"false\" value=\"\" type=\"text\" name=\"your-name\" \/><\/span> <\/label>\n<\/p>\n<p><label> Your e-mail<br \/>\n<span class=\"wpcf7-form-control-wrap\" data-name=\"your-email\"><input size=\"40\" maxlength=\"400\" class=\"wpcf7-form-control wpcf7-email wpcf7-validates-as-required wpcf7-text wpcf7-validates-as-email\" aria-required=\"true\" aria-invalid=\"false\" value=\"\" type=\"email\" name=\"your-email\" \/><\/span> <\/label>\n<\/p>\n<p><label> Your message<br \/>\n<span class=\"wpcf7-form-control-wrap\" data-name=\"your-message\"><textarea cols=\"40\" rows=\"10\" maxlength=\"2000\" class=\"wpcf7-form-control wpcf7-textarea wpcf7-validates-as-required\" aria-required=\"true\" aria-invalid=\"false\" name=\"your-message\"><\/textarea><\/span> <\/label>\n<\/p>\n<div class=\"cf7-cf-turnstile\" style=\"margin-top: 0px; margin-bottom: -15px;\"> <div id=\"cf-turnstile-cf7-4066082160\" class=\"cf-turnstile\" data-sitekey=\"0x4AAAAAABk9T6tb6alD4mr0\" data-theme=\"light\" data-language=\"auto\" data-size=\"normal\" data-retry=\"auto\" data-retry-interval=\"1000\" data-refresh-expired=\"auto\" data-refresh-timeout=\"auto\" data-action=\"contact-form-7\" data-callback=\"turnstileCF7Callback\" data-appearance=\"always\"><\/div> <script>document.addEventListener(\"DOMContentLoaded\", function() { setTimeout(function(){ var e=document.getElementById(\"cf-turnstile-cf7-4066082160\"); if(e&&!e.innerHTML.trim()){turnstile.render(e, {sitekey:\"0x4AAAAAABk9T6tb6alD4mr0\"});} }, 200); });<\/script> <br class=\"cf-turnstile-br cf-turnstile-br-cf7-4066082160\"> <style>#cf-turnstile-cf7-4066082160 { margin-left: -15px; }<\/style> <script>document.addEventListener(\"DOMContentLoaded\",function(){document.querySelectorAll('.wpcf7-form').forEach(function(e){e.addEventListener('submit',function(){if(document.getElementById('cf-turnstile-cf7-4066082160')){setTimeout(function(){turnstile.reset('#cf-turnstile-cf7-4066082160');},1000)}})})});<\/script> <\/div><br\/><input class=\"wpcf7-form-control wpcf7-submit has-spinner\" type=\"submit\" value=\"Send\" \/>\n<\/p><div class=\"wpcf7-response-output\" aria-hidden=\"true\"><\/div>\n<\/form>\n<\/div>\n[\/vc_column_text][\/vc_column_inner][vc_column_inner width=&#8221;1\/6&#8243;][\/vc_column_inner][\/vc_row_inner][\/vc_column][\/mk_page_section]\n<\/div>","protected":false},"excerpt":{"rendered":"<p>[mk_page_section bg_image=&#8221;https:\/\/www.paulrioux.qc.ca\/wp-content\/uploads\/2016\/02\/img_contact.jpg&#8221; bg_position=&#8221;left center&#8221; bg_repeat=&#8221;no-repeat&#8221; bg_stretch=&#8221;true&#8221; video_opacity=&#8221;0.9&#8243; min_height=&#8221;0&#8243; padding_top=&#8221;250&#8243; padding_bottom=&#8221;230&#8243; top_shape_color=&#8221;#ffffff&#8221; bottom_shape_color=&#8221;#ffffff&#8221; sidebar=&#8221;sidebar-1&#8243;][vc_column][\/vc_column][\/mk_page_section][vc_row attached=&#8221;true&#8221;][vc_column width=&#8221;1\/2&#8243;][mk_padding_divider size=&#8221;50&#8243;][mk_ornamental_title text_color=&#8221;#34334f&#8221; font_family=&#8221;Raleway&#8221; font_type=&#8221;google&#8221; font_size=&#8221;24&#8243; font_weight=&#8221;400&#8243; txt_transform=&#8221;capitalize&#8221; ornament_style=&#8221;lemo-single&#8221; ornament_color=&#8221;#ac2023&#8243; margin_bottom=&#8221;60&#8243;]Contact details[\/mk_ornamental_title][vc_row_inner][vc_column_inner][vc_column_text disable_pattern=&#8221;false&#8221; css=&#8221;.vc_custom_1691810739418{margin-bottom: 0px !important;}&#8221;]615 Boul. Ren\u00e9-L\u00e9vesque West, Suite 300 Montreal, Qu\u00e9bec H3B1P5 P : 514-875-7526 F\u00a0: 514-875-5206[\/vc_column_text][mk_padding_divider size=&#8221;80&#8243;][\/vc_column_inner][\/vc_row_inner][\/vc_column][vc_column width=&#8221;1\/2&#8243;][mk_advanced_gmaps latitude=&#8221;45.5029195&#8243; longitude=&#8221;-73.5689968&#8243; address=&#8221;615 Boulevard Ren\u00e9-L\u00e9vesque Ouest Suite 300, Montr\u00e9al, Qu\u00e9bec&#8221; [&hellip;]<\/p>\n","protected":false},"author":124,"featured_media":0,"parent":0,"menu_order":4,"comment_status":"closed","ping_status":"closed","template":"","meta":{"_acf_changed":false,"footnotes":""},"class_list":["post-12","page","type-page","status-publish","hentry"],"acf":[],"yoast_head":"<!-- This site is optimized with the Yoast SEO plugin v27.4 - https:\/\/yoast.com\/product\/yoast-seo-wordpress\/ -->\n<title>Contact us today for more information | Paul Rioux CPA Inc.<\/title>\n<meta name=\"description\" content=\"We are always available to answer your questions about accounting and financial planning. Contact us today to book a meeting.\" \/>\n<meta name=\"robots\" content=\"index, follow, max-snippet:-1, max-image-preview:large, max-video-preview:-1\" \/>\n<link rel=\"canonical\" href=\"https:\/\/www.paulrioux.ca\/contact\/\" \/>\n<meta property=\"og:locale\" content=\"en_US\" \/>\n<meta property=\"og:type\" content=\"article\" \/>\n<meta property=\"og:title\" content=\"Contact us today for more information | Paul Rioux CPA Inc.\" \/>\n<meta property=\"og:description\" content=\"We are always available to answer your questions about accounting and financial planning. Contact us today to book a meeting.\" \/>\n<meta property=\"og:url\" content=\"https:\/\/www.paulrioux.ca\/contact\/\" \/>\n<meta property=\"og:site_name\" content=\"Paul Rioux CA\" \/>\n<meta property=\"article:modified_time\" content=\"2023-08-12T03:25:43+00:00\" \/>\n<meta name=\"twitter:card\" content=\"summary_large_image\" \/>\n<meta name=\"twitter:label1\" content=\"Est. reading time\" \/>\n\t<meta name=\"twitter:data1\" content=\"1 minute\" \/>\n<script type=\"application\/ld+json\" class=\"yoast-schema-graph\">{\"@context\":\"https:\\\/\\\/schema.org\",\"@graph\":[{\"@type\":\"WebPage\",\"@id\":\"https:\\\/\\\/www.paulrioux.ca\\\/contact\\\/\",\"url\":\"https:\\\/\\\/www.paulrioux.ca\\\/contact\\\/\",\"name\":\"Contact us today for more information | Paul Rioux CPA Inc.\",\"isPartOf\":{\"@id\":\"https:\\\/\\\/www.paulrioux.ca\\\/#website\"},\"datePublished\":\"2016-02-02T12:41:21+00:00\",\"dateModified\":\"2023-08-12T03:25:43+00:00\",\"description\":\"We are always available to answer your questions about accounting and financial planning. Contact us today to book a meeting.\",\"breadcrumb\":{\"@id\":\"https:\\\/\\\/www.paulrioux.ca\\\/contact\\\/#breadcrumb\"},\"inLanguage\":\"en-US\",\"potentialAction\":[{\"@type\":\"ReadAction\",\"target\":[\"https:\\\/\\\/www.paulrioux.ca\\\/contact\\\/\"]}]},{\"@type\":\"BreadcrumbList\",\"@id\":\"https:\\\/\\\/www.paulrioux.ca\\\/contact\\\/#breadcrumb\",\"itemListElement\":[{\"@type\":\"ListItem\",\"position\":1,\"name\":\"Home\",\"item\":\"https:\\\/\\\/www.paulrioux.ca\\\/\"},{\"@type\":\"ListItem\",\"position\":2,\"name\":\"Contact us\"}]},{\"@type\":\"WebSite\",\"@id\":\"https:\\\/\\\/www.paulrioux.ca\\\/#website\",\"url\":\"https:\\\/\\\/www.paulrioux.ca\\\/\",\"name\":\"Paul Rioux CA\",\"description\":\"Planification financi\u00e8re et fiscale\",\"potentialAction\":[{\"@type\":\"SearchAction\",\"target\":{\"@type\":\"EntryPoint\",\"urlTemplate\":\"https:\\\/\\\/www.paulrioux.ca\\\/?s={search_term_string}\"},\"query-input\":{\"@type\":\"PropertyValueSpecification\",\"valueRequired\":true,\"valueName\":\"search_term_string\"}}],\"inLanguage\":\"en-US\"}]}<\/script>\n<!-- \/ Yoast SEO plugin. -->","yoast_head_json":{"title":"Contact us today for more information | Paul Rioux CPA Inc.","description":"We are always available to answer your questions about accounting and financial planning. Contact us today to book a meeting.","robots":{"index":"index","follow":"follow","max-snippet":"max-snippet:-1","max-image-preview":"max-image-preview:large","max-video-preview":"max-video-preview:-1"},"canonical":"https:\/\/www.paulrioux.ca\/contact\/","og_locale":"en_US","og_type":"article","og_title":"Contact us today for more information | Paul Rioux CPA Inc.","og_description":"We are always available to answer your questions about accounting and financial planning. Contact us today to book a meeting.","og_url":"https:\/\/www.paulrioux.ca\/contact\/","og_site_name":"Paul Rioux CA","article_modified_time":"2023-08-12T03:25:43+00:00","twitter_card":"summary_large_image","twitter_misc":{"Est. reading time":"1 minute"},"schema":{"@context":"https:\/\/schema.org","@graph":[{"@type":"WebPage","@id":"https:\/\/www.paulrioux.ca\/contact\/","url":"https:\/\/www.paulrioux.ca\/contact\/","name":"Contact us today for more information | Paul Rioux CPA Inc.","isPartOf":{"@id":"https:\/\/www.paulrioux.ca\/#website"},"datePublished":"2016-02-02T12:41:21+00:00","dateModified":"2023-08-12T03:25:43+00:00","description":"We are always available to answer your questions about accounting and financial planning. Contact us today to book a meeting.","breadcrumb":{"@id":"https:\/\/www.paulrioux.ca\/contact\/#breadcrumb"},"inLanguage":"en-US","potentialAction":[{"@type":"ReadAction","target":["https:\/\/www.paulrioux.ca\/contact\/"]}]},{"@type":"BreadcrumbList","@id":"https:\/\/www.paulrioux.ca\/contact\/#breadcrumb","itemListElement":[{"@type":"ListItem","position":1,"name":"Home","item":"https:\/\/www.paulrioux.ca\/"},{"@type":"ListItem","position":2,"name":"Contact us"}]},{"@type":"WebSite","@id":"https:\/\/www.paulrioux.ca\/#website","url":"https:\/\/www.paulrioux.ca\/","name":"Paul Rioux CA","description":"Planification financi\u00e8re et fiscale","potentialAction":[{"@type":"SearchAction","target":{"@type":"EntryPoint","urlTemplate":"https:\/\/www.paulrioux.ca\/?s={search_term_string}"},"query-input":{"@type":"PropertyValueSpecification","valueRequired":true,"valueName":"search_term_string"}}],"inLanguage":"en-US"}]}},"_links":{"self":[{"href":"https:\/\/www.paulrioux.ca\/en\/wp-json\/wp\/v2\/pages\/12","targetHints":{"allow":["GET"]}}],"collection":[{"href":"https:\/\/www.paulrioux.ca\/en\/wp-json\/wp\/v2\/pages"}],"about":[{"href":"https:\/\/www.paulrioux.ca\/en\/wp-json\/wp\/v2\/types\/page"}],"author":[{"embeddable":true,"href":"https:\/\/www.paulrioux.ca\/en\/wp-json\/wp\/v2\/users\/124"}],"replies":[{"embeddable":true,"href":"https:\/\/www.paulrioux.ca\/en\/wp-json\/wp\/v2\/comments?post=12"}],"version-history":[{"count":5,"href":"https:\/\/www.paulrioux.ca\/en\/wp-json\/wp\/v2\/pages\/12\/revisions"}],"predecessor-version":[{"id":6338,"href":"https:\/\/www.paulrioux.ca\/en\/wp-json\/wp\/v2\/pages\/12\/revisions\/6338"}],"wp:attachment":[{"href":"https:\/\/www.paulrioux.ca\/en\/wp-json\/wp\/v2\/media?parent=12"}],"curies":[{"name":"wp","href":"https:\/\/api.w.org\/{rel}","templated":true}]}}